{"id":947,"date":"2023-06-17T10:51:34","date_gmt":"2023-06-17T10:51:34","guid":{"rendered":"http:\/\/berocut.de\/?page_id=947"},"modified":"2023-06-17T13:41:15","modified_gmt":"2023-06-17T13:41:15","slug":"datenschutzerklarung","status":"publish","type":"page","link":"https:\/\/berocut.de\/index.php\/datenschutzerklarung\/","title":{"rendered":"DATENSCHUTZERKL\u00c4RUNG"},"content":{"rendered":"\t\t<div data-elementor-type=\"wp-page\" data-elementor-id=\"947\" class=\"elementor elementor-947\" data-elementor-settings=\"{&quot;ha_cmc_init_switcher&quot;:&quot;no&quot;}\">\n\t\t\t\t\t\t<section class=\"elementor-section elementor-top-section elementor-element elementor-element-0b7c67c elementor-section-boxed elementor-section-height-default elementor-section-height-default\" data-id=\"0b7c67c\" data-element_type=\"section\" data-settings=\"{&quot;_ha_eqh_enable&quot;:false}\">\n\t\t\t\t\t\t<div class=\"elementor-container elementor-column-gap-default\">\n\t\t\t\t\t<div class=\"elementor-column elementor-col-100 elementor-top-column elementor-element elementor-element-287c132\" data-id=\"287c132\" data-element_type=\"column\">\n\t\t\t<div class=\"elementor-widget-wrap elementor-element-populated\">\n\t\t\t\t\t\t<div class=\"elementor-element elementor-element-2a86c70 elementor-widget elementor-widget-text-editor\" data-id=\"2a86c70\" data-element_type=\"widget\" data-widget_type=\"text-editor.default\">\n\t\t\t\t<div class=\"elementor-widget-container\">\n\t\t\t<style>\/*! elementor - v3.23.0 - 05-08-2024 *\/\n.elementor-widget-text-editor.elementor-drop-cap-view-stacked .elementor-drop-cap{background-color:#69727d;color:#fff}.elementor-widget-text-editor.elementor-drop-cap-view-framed .elementor-drop-cap{color:#69727d;border:3px solid;background-color:transparent}.elementor-widget-text-editor:not(.elementor-drop-cap-view-default) .elementor-drop-cap{margin-top:8px}.elementor-widget-text-editor:not(.elementor-drop-cap-view-default) .elementor-drop-cap-letter{width:1em;height:1em}.elementor-widget-text-editor .elementor-drop-cap{float:left;text-align:center;line-height:1;font-size:50px}.elementor-widget-text-editor .elementor-drop-cap-letter{display:inline-block}<\/style>\t\t\t\t<div class=\"container\">\n<div class=\"col-md-2\">\n<h4>Datenschutzerkl\u00e4rung<\/h4>\n<\/div>\n<\/div>\nHeinrich-L\u00fcbke-stra\u00dfe 11851375 Leverkusen\nDeutschland\nTelefon: 01746947907\n\nMail:guelcubuk@icloud.com\n\nEinzelunternehmer\n<h4>1. Zugriffsdaten und Hosting<\/h4>\nSie k\u00f6nnen unsere Webseiten besuchen, ohne Angaben zu Ihrer Person zu machen. Bei jedem Aufruf einer Webseite speichert der Webserver lediglich automatisch ein sogenanntes Server-Logfile, das z.B. den Namen der angeforderten Datei, Ihre IP-Adresse, Datum und Uhrzeit des Abrufs, \u00fcbertragene Datenmenge und den anfragenden Provider (Zugriffsdaten) enth\u00e4lt und den Abruf dokumentiert. Diese Zugriffsdaten werden ausschlie\u00dflich zum Zwecke der Sicherstellung eines st\u00f6rungsfreien Betriebs der Seite sowie der Verbesserung unseres Angebots ausgewertet. Dies dient der Wahrung unserer im Rahmen einer Interessensabw\u00e4gung \u00fcberwiegenden berechtigten Interessen an einer korrekten Darstellung unseres Angebots gem\u00e4\u00df Art. 6 Abs. 1 S. 1 lit. f DSGVO. Alle Zugriffsdaten werden sp\u00e4testens sieben Tage nach Ende Ihres Seitenbesuchs gel\u00f6scht.\n<h4>2. Datenverarbeitung zur Vertragsabwicklung und zur Kontaktaufnahme<\/h4>\n<h5>2.1 Datenverarbeitung zur Vertragsabwicklung<\/h5>\nZum Zwecke der Vertragsabwicklung (inkl. Anfragen zu und Abwicklung von ggf. bestehenden Gew\u00e4hrleistungs- und Leistungsst\u00f6rungsanspr\u00fcchen sowie etwaiger gesetzlicher Aktualisierungspflichten) gem\u00e4\u00df Art. 6 Abs. 1 S. 1 lit. b DSGVO erheben wir personenbezogene Daten, wenn Sie uns diese im Rahmen Ihrer Bestellung freiwillig mitteilen. Pflichtfelder werden als solche gekennzeichnet, da wir in diesen F\u00e4llen die Daten zwingend zur Vertragsabwicklung ben\u00f6tigen und wir ohne deren Angabe die Bestellung nicht versenden k\u00f6nnen. Welche Daten erhoben werden, ist aus den jeweiligen Eingabeformularen ersichtlich. Weitere Informationen zu der Verarbeitung Ihrer Daten, insbesondere zu der Weitergabe an unsere Dienstleister zum Zwecke der Bestellungs-, Zahlungs- und Versandabwicklung, finden Sie in den nachfolgenden Abschnitten dieser Datenschutzerkl\u00e4rung. Nach vollst\u00e4ndiger Abwicklung des Vertrages werden Ihre Daten f\u00fcr die weitere Verarbeitung eingeschr\u00e4nkt und nach Ablauf der steuer- und handelsrechtlichen Aufbewahrungsfristen gem\u00e4\u00df Art. 6 Abs. 1 S. 1 lit. c DSGVO gel\u00f6scht, sofern Sie nicht ausdr\u00fccklich in eine weitere Nutzung Ihrer Daten gem\u00e4\u00df Art. 6 Abs. 1 S. 1 lit. a DSGVO eingewilligt haben oder wir uns eine dar\u00fcber hinausgehende Datenverwendung vorbehalten, die gesetzlich erlaubt ist und \u00fcber die wir Sie in dieser Erkl\u00e4rung informieren.\n<h5>2.2 Kundenkonto<\/h5>\nSoweit Sie hierzu Ihre Einwilligung nach Art. 6 Abs. 1 S. 1 lit. a DSGVO erteilt haben, indem Sie sich f\u00fcr die Er\u00f6ffnung eines Kundenkontos entscheiden, verwenden wir Ihre Daten zum Zwecke der Kundenkontoer\u00f6ffnung sowie zur Speicherung Ihrer Daten f\u00fcr weitere zuk\u00fcnftige Bestellungen auf unserer Webseite. Die L\u00f6schung Ihres Kundenkontos ist jederzeit m\u00f6glich und kann entweder durch eine Nachricht an die in dieser Datenschutzerkl\u00e4rung beschriebene Kontaktm\u00f6glichkeit oder \u00fcber eine daf\u00fcr vorgesehene Funktion im Kundenkonto erfolgen. Nach L\u00f6schung Ihres Kundenkontos werden Ihre Daten gel\u00f6scht, sofern Sie nicht ausdr\u00fccklich in eine weitere Nutzung Ihrer Daten gem\u00e4\u00df Art. 6 Abs. 1 S. 1 lit. a DSGVO eingewilligt haben oder wir uns eine dar\u00fcber hinausgehende Datenverwendung vorbehalten, die gesetzlich erlaubt ist und \u00fcber die wir Sie in dieser Erkl\u00e4rung informieren.\n<h5>2.3 Kontaktaufnahme<\/h5>\nIm Rahmen der Kundenkommunikation erheben wir zur Bearbeitung Ihrer Anfragen gem\u00e4\u00df Art. 6 Abs. 1 S. 1 lit. b DSGVO personenbezogene Daten, wenn Sie uns diese bei einer Kontaktaufnahme mit uns (z.B. per Kontaktformular oder E-Mail) freiwillig mitteilen. Pflichtfelder werden als solche gekennzeichnet, da wir in diesen F\u00e4llen die Daten zwingend zur Bearbeitung Ihrer Kontaktaufnahme ben\u00f6tigen. Welche Daten erhoben werden, ist aus den jeweiligen Eingabeformularen ersichtlich. Nach vollst\u00e4ndiger Bearbeitung Ihrer Anfrage werden Ihre Daten gel\u00f6scht, sofern Sie nicht ausdr\u00fccklich in eine weitere Nutzung Ihrer Daten gem\u00e4\u00df Art. 6 Abs. 1 S. 1 lit. a DSGVO eingewilligt haben oder wir uns eine dar\u00fcber hinausgehende Datenverwendung vorbehalten, die gesetzlich erlaubt ist und \u00fcber die wir Sie in dieser Erkl\u00e4rung informieren.\n<h4>3. Datenverarbeitung zum Zwecke der Versandabwicklung<\/h4>\nZur Vertragserf\u00fcllung gem\u00e4\u00df Art. 6 Abs. 1 S. 1 lit. b DSGVO geben wir Ihre Daten an den mit der Lieferung beauftragten Versanddienstleister weiter, soweit dies zur Lieferung bestellter Waren erforderlich ist. Entsprechendes gilt f\u00fcr die Datenweitergabe an unsere Hersteller bzw. Gro\u00dfh\u00e4ndler in den F\u00e4llen, in denen sie den Versand f\u00fcr uns \u00fcbernehmen (Streckengesch\u00e4ft). Diese gelten als Versanddienstleister im Sinne der vorliegenden Datenschutzerkl\u00e4rung. Unsere Dienstleister sitzen und\/oder verwenden Server in diesen L\u00e4ndern: China F\u00fcr diese L\u00e4nder liegt kein Angemessenheitsbeschluss der Europ\u00e4ischen Kommission vor. Unsere Zusammenarbeit mit Ihnen st\u00fctzt sich auf diese Garantien: Standarddatenschutzklauseln einer Aufsichtsbeh\u00f6rde\n<h4>4. Datenverarbeitung zur Zahlungsabwicklung<\/h4>\nBei der Abwicklung von Zahlungen in unserem Online-Shop arbeiten wir mit diesen Partnern zusammen: technische Dienstleister, Kreditinstitute, Zahlungsdienstleister.\n<h5>4.1 Datenverarbeitung zur Transaktionsabwicklung<\/h5>\nJe nach ausgew\u00e4hlter Zahlungsart geben wir die f\u00fcr die Abwicklung der Zahlungstransaktion notwendigen Daten an unsere technischen Dienstleister, die im Rahmen einer Auftragsverarbeitung f\u00fcr uns t\u00e4tig sind, oder an die beauftragten Kreditinstitute oder an den ausgew\u00e4hlten Zahlungsdienstleister weiter, soweit dies zur Abwicklung der Zahlung erforderlich ist. Dies dient der Vertragserf\u00fcllung gem\u00e4\u00df Art. 6 Abs. 1 S. 1 lit. b DSGVO. Zum Teil erheben die Zahlungsdienstleister die f\u00fcr die Abwicklung der Zahlung erforderlichen Daten selbst, z.B. auf ihrer eigenen Webseite oder \u00fcber eine technische Einbindung im Bestellprozess. Es gilt insoweit die Datenschutzerkl\u00e4rung des jeweiligen Zahlungsdienstleisters. Bei Fragen zu unseren Partnern f\u00fcr die Zahlungsabwicklung und der Grundlage unserer Zusammenarbeit mit ihnen wenden Sie sich bitte an die in dieser Datenschutzerkl\u00e4rung beschriebenen Kontaktm\u00f6glichkeit.\n<h5>4.2 Datenverarbeitung zum Zwecke der Betrugspr\u00e4vention und der Optimierung unserer Zahlungsprozesse<\/h5>\nGegebenenfalls geben wir unseren Dienstleistern weitere Daten, die sie zusammen mit den f\u00fcr die Abwicklung der Zahlung notwendigen Daten als unsere Auftragsverarbeiter zum Zwecke der Betrugspr\u00e4vention und der Optimierung unserer Zahlungsprozesse (z.B. Rechnungsstellung, Abwicklung von angefochtenen Zahlungen, Unterst\u00fctzung der Buchhaltung) verwenden. Dies dient gem\u00e4\u00df Art. 6 Abs. 1 S. 1 lit. f DSGVO der Wahrung unserer im Rahmen einer Interessensabw\u00e4gung \u00fcberwiegenden berechtigten Interessen an unserer Absicherung gegen Betrug bzw. an einem effizienten Zahlungsmanagement.\n<h5>4.3 Identit\u00e4ts- und Bonit\u00e4tspr\u00fcfung bei Auswahl von Klarna Zahlungsdienstleistungen<\/h5>\nKlarna Lastschrift, Kauf auf Rechnung via Klarna, Klarna Ratenkauf Wenn Sie sich f\u00fcr die Zahlungsdienstleistungen der Klarna Bank AB (publ), Sveav\u00e4gen 46, 111 34 Stockholm, Schweden (im Folgenden Klarna) entscheiden, bitten wir Sie um Ihre Einwilligung nach Art. 6 Abs. 1 S. 1 lit. a DSGVO, dass wir die f\u00fcr die Abwicklung der Zahlung und eine Identit\u00e4ts- und Bonit\u00e4tspr\u00fcfung notwendigen Daten an Klarna \u00fcbermitteln d\u00fcrfen. In Deutschland k\u00f6nnen f\u00fcr die Identit\u00e4ts- und Bonit\u00e4tspr\u00fcfung die in der Datenschutzerkl\u00e4rung von Klarna genannten Wirtschaftsauskunfteien eingesetzt werden. Die erhaltenen Informationen \u00fcber die statistische Wahrscheinlichkeit eines Zahlungsausfalls verwendet Klarna f\u00fcr eine abgewogene Entscheidung \u00fcber die Begr\u00fcndung, Durchf\u00fchrung oder Beendigung des Vertragsverh\u00e4ltnisses. Ihre Einwilligung k\u00f6nnen Sie jederzeit durch eine Nachricht an die in dieser Datenschutzerkl\u00e4rung genannten Kontaktm\u00f6glichkeit widerrufen. Dies kann zur Folge haben, dass wir Ihnen bestimmte Zahlungsoptionen nicht mehr anbieten k\u00f6nnen. Sie k\u00f6nnen Ihre Einwilligung zu dieser Verwendung der personenbezogenen Daten jederzeit auch gegen\u00fcber Klarna widerrufen.\n<h5>4.4 Identit\u00e4ts- und Bonit\u00e4tspr\u00fcfung bei Auswahl von Billpay Zahlungsdienstleistungen (betrieben durch die Klarna Bank AB)<\/h5>\nWenn Sie sich f\u00fcr die Zahlungsdienstleistungen von der Klarna Bank AB AB (publ.), Sveav\u00e4gen 46, 111 34 Stockholm, Schweden (im Folgenden BillPay) entscheiden, bitten wir Sie um Ihre Einwilligung nach Art. 6 Abs. 1 S. 1 lit. a DSGVO, dass wir die f\u00fcr die Abwicklung der Zahlung und eine Identit\u00e4ts- und Bonit\u00e4tspr\u00fcfung notwendigen Daten an Billpay \u00fcbermitteln d\u00fcrfen. In Deutschland k\u00f6nnen f\u00fcr die Identit\u00e4ts- und Bonit\u00e4tspr\u00fcfung die in der Datenschutzerkl\u00e4rung von Billpay genannten Wirtschaftsauskunfteien eingesetzt werden. Die erhaltenen Informationen \u00fcber die statistische Wahrscheinlichkeit eines Zahlungsausfalls verwendet Billpay f\u00fcr eine abgewogene Entscheidung \u00fcber die Begr\u00fcndung, Durchf\u00fchrung oder Beendigung des Vertragsverh\u00e4ltnisses. Ihre Einwilligung k\u00f6nnen Sie jederzeit durch eine Nachricht an die in dieser Datenschutzerkl\u00e4rung genannten Kontaktm\u00f6glichkeit widerrufen. Dies kann zur Folge haben, dass wir Ihnen bestimmte Zahlungsoptionen nicht mehr anbieten k\u00f6nnen. Sie k\u00f6nnen Ihre Einwilligung zu dieser Verwendung der personenbezogenen Daten jederzeit auch gegen\u00fcber BillPay widerrufen.\n<h5>4.5 Identit\u00e4ts- und Bonit\u00e4tspr\u00fcfung bei Auswahl von Kauf auf Rechnung \u00fcber PayOne<\/h5>\nWenn Sie sich f\u00fcr die Zahlungsart Kauf auf Rechnung (angeboten \u00fcber die PayOne GmbH, Lyoner Str. 9, 60528 Frankfurt a. M., Deutschland (im Folgenden PayOne)) entscheiden, bitten wir Sie um Ihre Einwilligung nach Art. 6 Abs. 1 S. 1 lit. a DSGVO, dass wir die f\u00fcr die Abwicklung der Zahlung und eine Identit\u00e4ts- und Bonit\u00e4tspr\u00fcfung notwendigen Daten an PayOne \u00fcbermitteln d\u00fcrfen. In Deutschland k\u00f6nnen f\u00fcr die Identit\u00e4ts- und Bonit\u00e4tspr\u00fcfung die in der Datenschutzerkl\u00e4rung von PayOne genannten Wirtschaftsauskunfteien eingesetzt werden. Die erhaltenen Informationen \u00fcber die statistische Wahrscheinlichkeit eines Zahlungsausfalls verwendet PayOne f\u00fcr eine abgewogene Entscheidung \u00fcber die Begr\u00fcndung, Durchf\u00fchrung oder Beendigung des Vertragsverh\u00e4ltnisses. Ihre Einwilligung k\u00f6nnen Sie jederzeit durch eine Nachricht an die in dieser Datenschutzerkl\u00e4rung genannten Kontaktm\u00f6glichkeit widerrufen. Dies kann zur Folge haben, dass wir Ihnen bestimmte Zahlungsoptionen nicht mehr anbieten k\u00f6nnen.\n<h4>5. Werbung per E-Mail, Telefon<\/h4>\n<h5>5.1 E-Mail-Newsletter mit Anmeldung<\/h5>\nWenn Sie sich zu unserem Newsletter anmelden, verwenden wir die hierf\u00fcr erforderlichen oder gesondert von Ihnen mitgeteilten Daten, um Ihnen regelm\u00e4\u00dfig unseren E-Mail-Newsletter aufgrund Ihrer Einwilligung gem\u00e4\u00df Art. 6 Abs. 1 S. 1 lit. a DSGVO zuzusenden. Die Abmeldung vom Newsletter ist jederzeit m\u00f6glich und kann entweder durch eine Nachricht an die unten beschriebene Kontaktm\u00f6glichkeit oder \u00fcber einen daf\u00fcr vorgesehenen Link im Newsletter erfolgen. Nach Abmeldung l\u00f6schen wir Ihre E-Mail-Adresse aus der Empf\u00e4ngerliste, soweit Sie nicht ausdr\u00fccklich in eine weitere Nutzung Ihrer Daten gem\u00e4\u00df Art. 6 Abs. 1 S. 1 lit. a DSGVO eingewilligt haben oder wir uns eine dar\u00fcber hinausgehende Datenverwendung vorbehalten, die gesetzlich erlaubt ist und \u00fcber die wir Sie in dieser Erkl\u00e4rung informieren.\n<h5>5.2 E-Mail-Newsletter ohne Anmeldung und Ihr Widerspruchsrecht<\/h5>\nWenn wir Ihre E-Mail-Adresse im Zusammenhang mit dem Verkauf einer Ware oder Dienstleistung erhalten und Sie dem nicht widersprochen haben, behalten wir uns vor, Ihnen auf Grundlage von \u00a7 7 Abs. 3 UWG regelm\u00e4\u00dfig Angebote zu \u00e4hnlichen Produkten, wie den bereits gekauften, aus unserem Sortiment per E-Mail zuzusenden. Dies dient der Wahrung unserer im Rahmen einer Interessensabw\u00e4gung \u00fcberwiegenden berechtigten Interessen an einer werblichen Ansprache unserer Kunden. Sie k\u00f6nnen dieser Verwendung Ihrer E-Mail-Adresse jederzeit durch eine Nachricht an die in dieser Datenschutzerkl\u00e4rung beschriebene Kontaktm\u00f6glichkeit oder \u00fcber einen daf\u00fcr vorgesehenen Link in der Werbemail widersprechen, ohne dass hierf\u00fcr andere als die \u00dcbermittlungskosten nach den Basistarifen entstehen. Nach Abmeldung l\u00f6schen wir Ihre E-Mail-Adresse aus der Empf\u00e4ngerliste, soweit Sie nicht ausdr\u00fccklich in eine weitere Nutzung Ihrer Daten gem\u00e4\u00df Art. 6 Abs. 1 S. 1 lit. a DSGVO eingewilligt haben oder wir uns eine dar\u00fcber hinausgehende Datenverwendung vorbehalten, die gesetzlich erlaubt ist und \u00fcber die wir Sie in dieser Erkl\u00e4rung informieren.\n<h5>5.3 Telefonwerbung<\/h5>\nSoweit Sie hierzu Ihre Einwilligung nach Art. 6 Abs. 1 S. 1 lit. a DSGVO erteilt haben, verwenden wir die hierf\u00fcr erforderlichen oder gesondert von Ihnen mitgeteilten Daten zu eigenen Werbezwecken, z.B. zur Information \u00fcber interessante Angebote und unsere Produkte. Sie k\u00f6nnen Ihre Einwilligung jederzeit entweder durch eine Nachricht an die in dieser Datenschutzerkl\u00e4rung beschriebene Kontaktm\u00f6glichkeit oder durch eine m\u00fcndliche Mitteilung bei jedem Anruf widerrufen. Nach Widerruf l\u00f6schen wir Ihre Telefonnummer, soweit Sie nicht ausdr\u00fccklich in eine weitere Nutzung Ihrer Daten eingewilligt haben oder wir uns eine dar\u00fcber hinaus gehende Datenverwendung vorbehalten, die gesetzlich erlaubt ist und \u00fcber die wir Sie in dieser Erkl\u00e4rung informieren. Die Werbeanrufe werden im Rahmen einer Verarbeitung in unserem Auftrag durch unsere Dienstleister erbracht, an die wir Ihre Daten hierzu weitergeben.\n<h4>6. Integration des Trusted Shops Trustbadge\/ sonstiger Widgets<\/h4>\nZur Anzeige unseres Trusted Shops G\u00fctesiegels sowie zum Angebot der Trusted Shops Produkte f\u00fcr K\u00e4ufer nach einer Bestellung ist auf dieser Webseite das Trusted Shops Trustbadge eingebunden. Dies dient der Wahrung unserer im Rahmen einer Interessensabw\u00e4gung \u00fcberwiegenden berechtigten Interessen an einer optimalen Vermarktung durch Erm\u00f6glichung eines sicheren Einkaufs gem\u00e4\u00df Art. 6 Abs. 1 S. 1 lit. f DSGVO. Das Trustbadge und die damit beworbenen Dienste sind ein Angebot der Trusted Shops GmbH, Subbelrather Str. 15C, 50823 K\u00f6ln (Trusted Shops), mit der wir gemeinsam nach Art. 26 DSGVO datenschutzrechtlich Verantwortlicher sind. Wir informieren Sie im Rahmen dieser Datenschutzhinweise im Folgenden \u00fcber die wesentlichen Vertragsinhalte nach Art. 26 Abs. 2 DSGVO. Im Rahmen der zwischen uns und der Trusted Shops GmbH bestehenden gemeinsamen Verantwortlichkeit wenden Sie sich bei Datenschutzfragen und zur Geltendmachung Ihrer Rechte bitte bevorzugt an die Trusted Shops GmbH, deren Kontaktm\u00f6glichkeiten Sie hier finden. Weitere Informationen zum Datenschutz k\u00f6nnen sie dem folgenden Link hier entnehmen. Unabh\u00e4ngig davon k\u00f6nnen Sie sich auch immer an uns unter der in dieser Datenschutzerkl\u00e4rung beschriebenen Kontaktm\u00f6glichkeit wenden. Ihre Anfrage wird dann, falls erforderlich, zur Beantwortung an den weiteren Verantwortlichen weitergegeben.\n<h5>6.1 Datenverarbeitung bei Einbindung des Trustbadge\/ sonstiger Widgets<\/h5>\nDas Trustbadge wird im Rahmen einer gemeinsamen Verantwortlichkeit durch einen US-amerikanischen CDN-Anbieter (Content-Delivery-Network) zur Verf\u00fcgung gestellt. Ein angemessenes Datenschutzniveau ist durch Standarddatenschutzklauseln und weitere vertragliche Ma\u00dfnahmen sichergestellt. Weitere Informationen zum Datenschutz der Trusted Shops GmbH finden Sie hier. Bei dem Aufruf des Trustbadge speichert der Webserver automatisch ein sogenanntes Server-Logfile, das auch Ihre IP-Adresse, Datum und Uhrzeit des Abrufs, \u00fcbertragene Datenmenge und den anfragenden Provider (Zugriffsdaten) enth\u00e4lt und den Abruf dokumentiert. Die IP-Adresse wird unmittelbar nach der Erhebung anonymisiert, sodass die gespeicherten Daten Ihrer Person nicht zugeordnet werden k\u00f6nnen. Die anonymisierten Daten werden insbesondere f\u00fcr statistische Zwecke und zur Fehleranalyse genutzt.\n<h5>6.2 Datenverarbeitung nach Bestellabschluss<\/h5>\nNach Bestellabschluss wird Ihre per kryptologischer Einwegfunktion gehashte E-Mail-Adresse an die Trusted Shops GmbH \u00fcbermittelt. Rechtsgrundlage ist Art. 6 Abs. 1 S. 1 lit. f DSGVO. Dies dient der \u00dcberpr\u00fcfung, ob Sie bereits f\u00fcr Dienste bei der Trusted Shops GmbH registriert sind und ist daher f\u00fcr die Erf\u00fcllung unserer und Trusted Shops\u2018 \u00fcberwiegender berechtigter Interessen an der Erbringung des jeweils an die konkrete Bestellung gekoppelten K\u00e4uferschutzes und der transaktionellen Bewertungsleistungen gem. Art. 6 Abs. 1 S. 1 lit. f DSGVO erforderlich. Ist dies der Fall, so erfolgt die weitere Verarbeitung gem\u00e4\u00df der zwischen Ihnen und Trusted Shops getroffenen vertraglichen Vereinbarung. Sofern Sie noch nicht f\u00fcr die Services registriert sind, erhalten Sie im Anschluss die M\u00f6glichkeit, dies erstmalig zu tun. Die weitere Verarbeitung nach erfolgter Registrierung richtet sich ebenfalls nach der vertraglichen Vereinbarung mit der Trusted Shops GmbH. Sofern Sie sich nicht registrieren, werden alle \u00fcbermittelten Daten automatisch durch die Trusted Shops GmbH gel\u00f6scht und ein Personenbezug ist dann nicht mehr m\u00f6glich.\n\nTrusted Shops setzt Dienstleister in den Bereichen Hosting, Monitoring und Logging ein. Rechtsgrundlage ist Art. 6 \u202fAbs. 1 lit. f DSGVO zum Zwecke der Sicherstellung eines st\u00f6rungsfreien Betriebs. Dabei kann eine Verarbeitung in Drittl\u00e4ndern (USA und Israel) stattfinden. Ein angemessenes Datenschutzniveau ist im Falle der USA durch Standarddatenschutzklauseln und weitere vertragliche Ma\u00dfnahmen sowie im Falle von Israel durch einen Angemessenheitsbeschluss sichergestellt.\n<h4>7. Kontaktm\u00f6glichkeiten und Ihre Rechte<\/h4>\n<h5>7.1 Ihre Rechte<\/h5>\nAls Betroffener haben Sie folgende Rechte: gem\u00e4\u00df Art. 15 DSGVO das Recht, in dem dort bezeichneten Umfang Auskunft \u00fcber Ihre von uns verarbeiteten personenbezogenen Daten zu verlangen; gem\u00e4\u00df Art. 16 DSGVO das Recht, unverz\u00fcglich die Berichtigung unrichtiger oder Vervollst\u00e4ndigung Ihrer bei uns gespeicherten personenbezogenen Daten zu verlangen; gem\u00e4\u00df Art. 17 DSGVO das Recht, die L\u00f6schung Ihrer bei uns gespeicherten personenbezogenen Daten zu verlangen, soweit nicht die weitere Verarbeitung zur Aus\u00fcbung des Rechts auf freie Meinungs\u00e4u\u00dferung und Information; zur Erf\u00fcllung einer rechtlichen Verpflichtung; aus Gr\u00fcnden des \u00f6ffentlichen Interesses oder zur Geltendmachung, Aus\u00fcbung oder Verteidigung von Rechtsanspr\u00fcchen erforderlich ist; gem\u00e4\u00df Art. 18 DSGVO das Recht, die Einschr\u00e4nkung der Verarbeitung Ihrer personenbezogenen Daten zu verlangen, soweit die Richtigkeit der Daten von Ihnen bestritten wird; die Verarbeitung unrechtm\u00e4\u00dfig ist, Sie aber deren L\u00f6schung ablehnen; wir die Daten nicht mehr ben\u00f6tigen, Sie diese jedoch zur Geltendmachung, Aus\u00fcbung oder Verteidigung von Rechtsanspr\u00fcchen ben\u00f6tigen oder Sie gem\u00e4\u00df Art. 21 DSGVO Widerspruch gegen die Verarbeitung eingelegt haben; gem\u00e4\u00df Art. 20 DSGVO das Recht, Ihre personenbezogenen Daten, die Sie uns bereitgestellt haben, in einem strukturierten, g\u00e4ngigen und maschinenlesbaren Format zu erhalten oder die \u00dcbermittlung an einen anderen Verantwortlichen zu verlangen; gem\u00e4\u00df Art. 77 DSGVO das Recht, sich bei einer Aufsichtsbeh\u00f6rde zu beschweren. In der Regel k\u00f6nnen Sie sich hierf\u00fcr an die Aufsichtsbeh\u00f6rde Ihres \u00fcblichen Aufenthaltsortes oder Arbeitsplatzes oder unseres Unternehmenssitzes wenden.\n\nWiderspruchsrecht Soweit wir zur Wahrung unserer im Rahmen einer Interessensabw\u00e4gung \u00fcberwiegenden berechtigten Interessen personenbezogene Daten wie oben erl\u00e4utert verarbeiten, k\u00f6nnen Sie dieser Verarbeitung mit Wirkung f\u00fcr die Zukunft widersprechen. Erfolgt die Verarbeitung zu Zwecken des Direktmarketings, k\u00f6nnen Sie dieses Recht jederzeit wie oben beschrieben aus\u00fcben. Soweit die Verarbeitung zu anderen Zwecken erfolgt, steht Ihnen ein Widerspruchsrecht nur bei Vorliegen von Gr\u00fcnden, die sich aus Ihrer besonderen Situation ergeben, zu. Nach Aus\u00fcbung Ihres Widerspruchsrechts werden wir Ihre personenbezogenen Daten nicht weiter zu diesen Zwecken verarbeiten, es sei denn, wir k\u00f6nnen zwingende schutzw\u00fcrdige Gr\u00fcnde f\u00fcr die Verarbeitung nachweisen, die Ihre Interessen, Rechte und Freiheiten \u00fcberwiegen, oder wenn die Verarbeitung der Geltendmachung, Aus\u00fcbung oder Verteidigung von Rechtsanspr\u00fcchen dient. Dies gilt nicht, wenn die Verarbeitung zu Zwecken des Direktmarketings erfolgt. Dann werden wir Ihre personenbezogenen Daten nicht weiter zu diesem Zweck verarbeiten.\n<h4>7.2 Kontaktm\u00f6glichkeiten<\/h4>\nBei Fragen zur Erhebung, Verarbeitung oder Nutzung Ihrer personenbezogenen Daten, bei Ausk\u00fcnften, Berichtigung, Einschr\u00e4nkung oder L\u00f6schung von Daten sowie Widerruf erteilter Einwilligungen oder Widerspruch gegen eine bestimmte Datenverwendung wenden Sie sich bitte direkt an uns \u00fcber die Kontaktdaten in unserem Impressum.\n<a href=\"https:\/\/legal.trustedshops.com\/produkte\/rechtstexter\" style='color:#861daf;'>Datenschutzerkl\u00e4rung<\/a>\u00a0erstellt mit dem\u00a0<a style='color:#861daf;' href=\"https:\/\/legal.trustedshops.com\/\">Trusted Shops Rechtstexter<\/a>\t\t\t\t\t\t<\/div>\n\t\t\t\t<\/div>\n\t\t\t\t\t<\/div>\n\t\t<\/div>\n\t\t\t\t\t<\/div>\n\t\t<\/section>\n\t\t\t\t<\/div>\n\t\t","protected":false},"excerpt":{"rendered":"<p>Datenschutzerkl\u00e4rung Heinrich-L\u00fcbke-stra\u00dfe 11851375 Leverkusen Deutschland Telefon: 01746947907 Mail:guelcubuk@icloud.com Einzelunternehmer 1. Zugriffsdaten und Hosting Sie k\u00f6nnen unsere Webseiten besuchen, ohne Angaben zu Ihrer Person zu machen. Bei jedem Aufruf einer Webseite speichert der Webserver lediglich automatisch ein sogenanntes Server-Logfile, das z.B. den Namen der angeforderten Datei, Ihre IP-Adresse, Datum und Uhrzeit des Abrufs, \u00fcbertragene Datenmenge und&#8230;<\/p>\n","protected":false},"author":1,"featured_media":0,"parent":0,"menu_order":0,"comment_status":"closed","ping_status":"closed","template":"elementor_header_footer","meta":[],"_links":{"self":[{"href":"https:\/\/berocut.de\/index.php\/wp-json\/wp\/v2\/pages\/947"}],"collection":[{"href":"https:\/\/berocut.de\/index.php\/wp-json\/wp\/v2\/pages"}],"about":[{"href":"https:\/\/berocut.de\/index.php\/wp-json\/wp\/v2\/types\/page"}],"author":[{"embeddable":true,"href":"https:\/\/berocut.de\/index.php\/wp-json\/wp\/v2\/users\/1"}],"replies":[{"embeddable":true,"href":"https:\/\/berocut.de\/index.php\/wp-json\/wp\/v2\/comments?post=947"}],"version-history":[{"count":147,"href":"https:\/\/berocut.de\/index.php\/wp-json\/wp\/v2\/pages\/947\/revisions"}],"predecessor-version":[{"id":1128,"href":"https:\/\/berocut.de\/index.php\/wp-json\/wp\/v2\/pages\/947\/revisions\/1128"}],"wp:attachment":[{"href":"https:\/\/berocut.de\/index.php\/wp-json\/wp\/v2\/media?parent=947"}],"curies":[{"name":"wp","href":"https:\/\/api.w.org\/{rel}","templated":true}]}}