{"id":34,"date":"2020-01-22T00:04:22","date_gmt":"2020-01-22T00:04:22","guid":{"rendered":"https:\/\/demo.shadow-themes.com\/wp\/ashade\/?page_id=34"},"modified":"2023-06-20T10:30:18","modified_gmt":"2023-06-20T10:30:18","slug":"kontakt-aufnehmen","status":"publish","type":"page","link":"https:\/\/berocut.de\/index.php\/kontakt-aufnehmen\/","title":{"rendered":"Kontakt aufnehmen"},"content":{"rendered":"\t\t<div data-elementor-type=\"wp-page\" data-elementor-id=\"34\" class=\"elementor elementor-34\" data-elementor-settings=\"{&quot;ha_cmc_init_switcher&quot;:&quot;no&quot;}\">\n\t\t\t\t\t\t<section class=\"elementor-section elementor-top-section elementor-element elementor-element-573dc6f elementor-section-boxed elementor-section-height-default elementor-section-height-default\" data-id=\"573dc6f\" data-element_type=\"section\" data-settings=\"{&quot;_ha_eqh_enable&quot;:false}\">\n\t\t\t\t\t\t<div class=\"elementor-container elementor-column-gap-default\">\n\t\t\t\t\t<div class=\"elementor-column elementor-col-100 elementor-top-column elementor-element elementor-element-8a2350b\" data-id=\"8a2350b\" data-element_type=\"column\">\n\t\t\t<div class=\"elementor-widget-wrap elementor-element-populated\">\n\t\t\t\t\t\t<div class=\"elementor-element elementor-element-e5e2d66 elementor-widget elementor-widget-heading\" data-id=\"e5e2d66\" data-element_type=\"widget\" data-widget_type=\"heading.default\">\n\t\t\t\t<div class=\"elementor-widget-container\">\n\t\t\t<style>\/*! elementor - v3.23.0 - 05-08-2024 *\/\n.elementor-heading-title{padding:0;margin:0;line-height:1}.elementor-widget-heading .elementor-heading-title[class*=elementor-size-]>a{color:inherit;font-size:inherit;line-height:inherit}.elementor-widget-heading .elementor-heading-title.elementor-size-small{font-size:15px}.elementor-widget-heading .elementor-heading-title.elementor-size-medium{font-size:19px}.elementor-widget-heading .elementor-heading-title.elementor-size-large{font-size:29px}.elementor-widget-heading .elementor-heading-title.elementor-size-xl{font-size:39px}.elementor-widget-heading .elementor-heading-title.elementor-size-xxl{font-size:59px}<\/style><h2 class=\"elementor-heading-title elementor-size-default\">Willkommen auf meiner Seite!<\/h2>\t\t<\/div>\n\t\t\t\t<\/div>\n\t\t\t\t<div class=\"elementor-element elementor-element-b430814 elementor-widget elementor-widget-text-editor\" data-id=\"b430814\" data-element_type=\"widget\" data-widget_type=\"text-editor.default\">\n\t\t\t\t<div class=\"elementor-widget-container\">\n\t\t\t<style>\/*! elementor - v3.23.0 - 05-08-2024 *\/\n.elementor-widget-text-editor.elementor-drop-cap-view-stacked .elementor-drop-cap{background-color:#69727d;color:#fff}.elementor-widget-text-editor.elementor-drop-cap-view-framed .elementor-drop-cap{color:#69727d;border:3px solid;background-color:transparent}.elementor-widget-text-editor:not(.elementor-drop-cap-view-default) .elementor-drop-cap{margin-top:8px}.elementor-widget-text-editor:not(.elementor-drop-cap-view-default) .elementor-drop-cap-letter{width:1em;height:1em}.elementor-widget-text-editor .elementor-drop-cap{float:left;text-align:center;line-height:1;font-size:50px}.elementor-widget-text-editor .elementor-drop-cap-letter{display:inline-block}<\/style>\t\t\t\tIch bin Bero, ein erfahrener Videoproduzent und Filmemacher.<br><\/br>\nMit meinen ma\u00dfgeschneiderten Imagefilmen auf Instagram und Facebook habe ich Unternehmen geholfen, ihre Ums\u00e4tze zu steigern und eine Vielzahl von Neukunden zu gewinnen.<br>\nGleichzeitig bieten meine einzigartigen Videos spannende Einblicke in Unternehmen und wecken das Interesse potenzieller Kunden.<br><\/br> Durch kurze, ansprechende Clips ziehe ich die Aufmerksamkeit auf Ihr Unternehmen und pr\u00e4sentiere seine einzigartigen Aspekte. Mit meinem Gesp\u00fcr f\u00fcr fesselnde Visuals und Geschichten helfe ich dabei, das Interesse der Kunden zu wecken und sie neugierig auf dein Unternehmen zu machen.<br><\/br> Kontaktiere mich \u00fcber das Formular auf meiner Homepage, per E-Mail oder telefonisch, um weitere Informationen zu erhalten oder ein individuelles Angebot anzufordern.<br> Lass uns zusammenarbeiten, um dein Unternehmen ins Rampenlicht zu r\u00fccken!\t\t\t\t\t\t<\/div>\n\t\t\t\t<\/div>\n\t\t\t\t\t<\/div>\n\t\t<\/div>\n\t\t\t\t\t<\/div>\n\t\t<\/section>\n\t\t\t\t<section class=\"elementor-section elementor-top-section elementor-element elementor-element-3d79bff elementor-section-boxed elementor-section-height-default elementor-section-height-default\" data-id=\"3d79bff\" data-element_type=\"section\" data-settings=\"{&quot;_ha_eqh_enable&quot;:false}\">\n\t\t\t\t\t\t<div class=\"elementor-container elementor-column-gap-default\">\n\t\t\t\t\t<div class=\"elementor-column elementor-col-33 elementor-top-column elementor-element elementor-element-3a03237d\" data-id=\"3a03237d\" data-element_type=\"column\">\n\t\t\t<div class=\"elementor-widget-wrap elementor-element-populated\">\n\t\t\t\t\t\t<div class=\"elementor-element elementor-element-19a42d2e elementor-widget elementor-widget-heading\" data-id=\"19a42d2e\" data-element_type=\"widget\" data-widget_type=\"heading.default\">\n\t\t\t\t<div class=\"elementor-widget-container\">\n\t\t\t<h4 class=\"elementor-heading-title elementor-size-default\"><span style='color:#882bab;'>MEINE KONTAKTE\n<\/span>WIE SIE MICH FINDEN\n<\/h4>\t\t<\/div>\n\t\t\t\t<\/div>\n\t\t\t\t<div class=\"elementor-element elementor-element-27e64fbe elementor-widget elementor-widget-wp-widget-shadow_contacts_widget\" data-id=\"27e64fbe\" data-element_type=\"widget\" data-widget_type=\"wp-widget-shadow_contacts_widget.default\">\n\t\t\t\t<div class=\"elementor-widget-container\">\n\t\t\t<div class=\"ashade-widget--contacts\">\n\t\t<ul class=\"ashade-contact-details__list has-labels\">\n\t<li>\n\t\t\t<i class=\"ashade-contact-icon asiade-icon--location\"><\/i>\n\t\t\tGermany\n\t\t<\/li><li>\n\t\t\t\t<i class=\"ashade-contact-icon asiade-icon--email\"><\/i>\n\t\t\t\t<a href=\"mailto:info@berocut.de\">info@berocut.de<\/a>\n\t\t\t<\/li><li>\n\t\t\t\t<i class=\"ashade-contact-icon asiade-icon--phone\"><\/i>\n\t\t\t\t<a href=\"tel:+491746947907\">+491746947907<\/a>\n\t\t\t<\/li>\t<\/ul>\n<\/div>\t\t<\/div>\n\t\t\t\t<\/div>\n\t\t\t\t\t<\/div>\n\t\t<\/div>\n\t\t\t\t<div class=\"elementor-column elementor-col-66 elementor-top-column elementor-element elementor-element-1f0ab0ca\" data-id=\"1f0ab0ca\" data-element_type=\"column\">\n\t\t\t<div class=\"elementor-widget-wrap elementor-element-populated\">\n\t\t\t\t\t\t<div class=\"elementor-element elementor-element-1aa2173b elementor-widget elementor-widget-shortcode\" data-id=\"1aa2173b\" data-element_type=\"widget\" data-widget_type=\"shortcode.default\">\n\t\t\t\t<div class=\"elementor-widget-container\">\n\t\t\t\t\t<div class=\"elementor-shortcode\">\n<div class=\"wpcf7 no-js\" id=\"wpcf7-f30-o1\" lang=\"en-US\" dir=\"ltr\">\n<div class=\"screen-reader-response\"><p role=\"status\" aria-live=\"polite\" aria-atomic=\"true\"><\/p> <ul><\/ul><\/div>\n<form action=\"\/index.php\/wp-json\/wp\/v2\/pages\/34#wpcf7-f30-o1\" method=\"post\" class=\"wpcf7-form init\" aria-label=\"Contact form\" novalidate=\"novalidate\" data-status=\"init\">\n<div style=\"display: none;\">\n<input type=\"hidden\" name=\"_wpcf7\" value=\"30\" \/>\n<input type=\"hidden\" name=\"_wpcf7_version\" value=\"5.8.7\" \/>\n<input type=\"hidden\" name=\"_wpcf7_locale\" value=\"en_US\" \/>\n<input type=\"hidden\" name=\"_wpcf7_unit_tag\" value=\"wpcf7-f30-o1\" \/>\n<input type=\"hidden\" name=\"_wpcf7_container_post\" value=\"0\" \/>\n<input type=\"hidden\" name=\"_wpcf7_posted_data_hash\" value=\"\" \/>\n<\/div>\n<div class=\"ashade-row ashade-small-gap\">\n\t<div class=\"ashade-col col-4\">\n\t\t<p><span class=\"wpcf7-form-control-wrap\" data-name=\"your-name\"><input size=\"40\" class=\"wpcf7-form-control wpcf7-text wpcf7-validates-as-required\" aria-required=\"true\" aria-invalid=\"false\" placeholder=\"Your Name\" value=\"\" type=\"text\" name=\"your-name\" \/><\/span>\n\t\t<\/p>\n\t<\/div>\n\t<div class=\"ashade-col col-4\">\n\t\t<p><span class=\"wpcf7-form-control-wrap\" data-name=\"your-email\"><input size=\"40\" class=\"wpcf7-form-control wpcf7-email wpcf7-validates-as-required wpcf7-text wpcf7-validates-as-email\" aria-required=\"true\" aria-invalid=\"false\" placeholder=\"Your Email\" value=\"\" type=\"email\" name=\"your-email\" \/><\/span>\n\t\t<\/p>\n\t<\/div>\n\t<div class=\"ashade-col col-4\">\n\t\t<p><span class=\"wpcf7-form-control-wrap\" data-name=\"your-tel\"><input size=\"40\" class=\"wpcf7-form-control wpcf7-tel wpcf7-validates-as-required wpcf7-text wpcf7-validates-as-tel\" aria-required=\"true\" aria-invalid=\"false\" placeholder=\"Your Phone\" value=\"\" type=\"tel\" name=\"your-tel\" \/><\/span>\n\t\t<\/p>\n\t<\/div>\n<\/div>\n<div class=\"ashade-form-textarea\">\n\t<p><span class=\"wpcf7-form-control-wrap\" data-name=\"your-message\"><textarea cols=\"40\" rows=\"10\" class=\"wpcf7-form-control wpcf7-textarea\" aria-invalid=\"false\" placeholder=\"Your Message\" name=\"your-message\"><\/textarea><\/span>\n\t<\/p>\n<\/div>\n<div class=\"align-right\">\n\t<p><input class=\"wpcf7-form-control wpcf7-submit has-spinner\" type=\"submit\" value=\"Send Message\" \/>\n\t<\/p>\n<\/div><div class=\"wpcf7-response-output\" aria-hidden=\"true\"><\/div>\n<\/form>\n<\/div>\n<\/div>\n\t\t\t\t<\/div>\n\t\t\t\t<\/div>\n\t\t\t\t\t<\/div>\n\t\t<\/div>\n\t\t\t\t\t<\/div>\n\t\t<\/section>\n\t\t\t\t<\/div>\n\t\t","protected":false},"excerpt":{"rendered":"<p>Willkommen auf meiner Seite! Ich bin Bero, ein erfahrener Videoproduzent und Filmemacher. Mit meinen ma\u00dfgeschneiderten Imagefilmen auf Instagram und Facebook habe ich Unternehmen geholfen, ihre Ums\u00e4tze zu steigern und eine Vielzahl von Neukunden zu gewinnen. Gleichzeitig bieten meine einzigartigen Videos spannende Einblicke in Unternehmen und wecken das Interesse potenzieller Kunden. Durch kurze, ansprechende Clips ziehe&#8230;<\/p>\n","protected":false},"author":1,"featured_media":0,"parent":0,"menu_order":0,"comment_status":"closed","ping_status":"closed","template":"","meta":[],"_links":{"self":[{"href":"https:\/\/berocut.de\/index.php\/wp-json\/wp\/v2\/pages\/34"}],"collection":[{"href":"https:\/\/berocut.de\/index.php\/wp-json\/wp\/v2\/pages"}],"about":[{"href":"https:\/\/berocut.de\/index.php\/wp-json\/wp\/v2\/types\/page"}],"author":[{"embeddable":true,"href":"https:\/\/berocut.de\/index.php\/wp-json\/wp\/v2\/users\/1"}],"replies":[{"embeddable":true,"href":"https:\/\/berocut.de\/index.php\/wp-json\/wp\/v2\/comments?post=34"}],"version-history":[{"count":50,"href":"https:\/\/berocut.de\/index.php\/wp-json\/wp\/v2\/pages\/34\/revisions"}],"predecessor-version":[{"id":1187,"href":"https:\/\/berocut.de\/index.php\/wp-json\/wp\/v2\/pages\/34\/revisions\/1187"}],"wp:attachment":[{"href":"https:\/\/berocut.de\/index.php\/wp-json\/wp\/v2\/media?parent=34"}],"curies":[{"name":"wp","href":"https:\/\/api.w.org\/{rel}","templated":true}]}}